{"id":69,"date":"2024-12-03T22:48:25","date_gmt":"2024-12-03T22:48:25","guid":{"rendered":"https:\/\/talkingtobots.net\/?page_id=69"},"modified":"2024-12-09T08:57:50","modified_gmt":"2024-12-09T08:57:50","slug":"normy-w-jezykowej-komunikacji-pomiedzy-sztuczna-inteligencja-a-czlowiekiem-nihai","status":"publish","type":"page","link":"https:\/\/talkingtobots.net\/?page_id=69","title":{"rendered":"Projekt"},"content":{"rendered":"\n<p style=\"font-size:18px\">Jednym z g\u0142\u00f3wnych kryzys\u00f3w naszych czas\u00f3w jest wszechobecne rozpowszechnianie dezinformacji, fa\u0142szywych wiadomo\u015bci, teorii spiskowych, a w konsekwencji erozja zaufania do medi\u00f3w, nauki i instytucji rz\u0105dowych. Kryzys komunikacyjny, jak go nazwiemy, zosta\u0142 zaostrzony przez wykorzystanie cyfrowych \u015brodk\u00f3w dyskursu. Przewidujemy, \u017ce zostanie on jeszcze bardziej zintensyfikowany, poniewa\u017c w niedalekiej przysz\u0142o\u015bci wielu naszych rozm\u00f3wc\u00f3w nie b\u0119dzie ju\u017c lud\u017ami, ale agentami konwersacyjnymi sterowanymi przez sztuczn\u0105 inteligencj\u0119. Proponujemy systematyczne, mi\u0119dzykulturowe, badanie odpowiedzialnych zasad dzia\u0142ania agent\u00f3w konwersacyjnych sterowanych przez AI, aby pom\u00f3c z\u0142agodzi\u0107 lub zapobiec nowej fali kryzysu komunikacyjnego nap\u0119dzanego przez AI.<\/p>\n\n\n\n<p style=\"font-size:18px\">Przedsi\u0119wzi\u0119cie badawcze, kt\u00f3re znajduje si\u0119 na styku etyki, j\u0119zykoznawstwa, nauk o mediach i komunikacji, a tak\u017ce informatyki, b\u0119dzie empirycznie analizowa\u0107 (i) oczekiwania normatywne w, opartych na j\u0119zyku naturalnym, interakcjach mi\u0119dzy cz\u0142owiekiem a sztuczn\u0105 inteligencj\u0105, a tak\u017ce (ii) ocen\u0119 narusze\u0144 norm i ich dalszych interaktywnych konsekwencji w kilku j\u0119zykach i kulturach europejskich i pozaeuropejskich. B\u0119dziemy uwa\u017cnie (iii) \u015bledzi\u0107 istotne moderatory (np. kontekst, funkcj\u0119, z\u0142o\u017cono\u015b\u0107 modelu systemu sztucznej inteligencji, istotno\u015b\u0107 zagadnienia) i mediatory (np. postrzegan\u0105 sprawczo\u015b\u0107, projekcj\u0119 umys\u0142u), aby (iv) zbada\u0107 ich wp\u0142yw na ocen\u0119 i sk\u0142onno\u015b\u0107 do polegania na konwersacyjnych systemach sztucznej inteligencji w r\u00f3\u017cnych kulturach. Na podstawie uzyskanych wynik\u00f3w (v) zaproponujemy zasady odpowiedzialnego projektowania i korzystania z agent\u00f3w konwersacyjnych opartych na sztucznej inteligencji, kt\u00f3re zostan\u0105 przetestowane w opartej na sztucznej inteligencji aplikacji dziennikarskiej Reporter dostarczonej przez naszego partnera stowarzyszonego, Polaris News.<\/p>\n","protected":false},"excerpt":{"rendered":"Jednym z g\u0142\u00f3wnych kryzys\u00f3w naszych czas\u00f3w jest wszechobecne rozpowszechnianie dezinformacji, fa\u0142szywych wiadomo\u015bci, teorii spiskowych, a w konsekwencji erozja&hellip;\n","protected":false},"author":1,"featured_media":0,"parent":0,"menu_order":0,"comment_status":"closed","ping_status":"closed","template":"","meta":{"footnotes":""},"class_list":{"0":"post-69","1":"page","2":"type-page","3":"status-publish","5":"cs-entry","6":"cs-video-wrap"},"_links":{"self":[{"href":"https:\/\/talkingtobots.net\/index.php?rest_route=\/wp\/v2\/pages\/69","targetHints":{"allow":["GET"]}}],"collection":[{"href":"https:\/\/talkingtobots.net\/index.php?rest_route=\/wp\/v2\/pages"}],"about":[{"href":"https:\/\/talkingtobots.net\/index.php?rest_route=\/wp\/v2\/types\/page"}],"author":[{"embeddable":true,"href":"https:\/\/talkingtobots.net\/index.php?rest_route=\/wp\/v2\/users\/1"}],"replies":[{"embeddable":true,"href":"https:\/\/talkingtobots.net\/index.php?rest_route=%2Fwp%2Fv2%2Fcomments&post=69"}],"version-history":[{"count":4,"href":"https:\/\/talkingtobots.net\/index.php?rest_route=\/wp\/v2\/pages\/69\/revisions"}],"predecessor-version":[{"id":274,"href":"https:\/\/talkingtobots.net\/index.php?rest_route=\/wp\/v2\/pages\/69\/revisions\/274"}],"wp:attachment":[{"href":"https:\/\/talkingtobots.net\/index.php?rest_route=%2Fwp%2Fv2%2Fmedia&parent=69"}],"curies":[{"name":"wp","href":"https:\/\/api.w.org\/{rel}","templated":true}]}}