{"id":71,"date":"2024-12-03T22:49:34","date_gmt":"2024-12-03T22:49:34","guid":{"rendered":"https:\/\/talkingtobots.net\/?page_id=71"},"modified":"2024-12-08T10:05:28","modified_gmt":"2024-12-08T10:05:28","slug":"normes-daffirmation-dans-linteraction-linguistique-entre-lhomme-et-lintelligence-artificielle","status":"publish","type":"page","link":"https:\/\/talkingtobots.net\/?page_id=71","title":{"rendered":"Projet"},"content":{"rendered":"\n<p class=\"has-medium-font-size\">L&#8217;une des crises centrales de notre \u00e9poque concerne la diffusion \u00e0 grande \u00e9chelle de la d\u00e9sinformation, des fake news, des th\u00e9ories du complot et, par cons\u00e9quent, l&#8217;\u00e9rosion de la confiance dans les m\u00e9dias, la science et les institutions gouvernementales. La crise de la communication, comme nous l&#8217;appellerons, a \u00e9t\u00e9 exacerb\u00e9e par l&#8217;utilisation de moyens num\u00e9riques de communication. Et elle va encore s&#8217;intensifier, car dans un avenir proche, nombre de nos interlocuteurs ne seront plus des humains, mais des agents conversationnels pilot\u00e9s par l&#8217;IA. Nous proposons une enqu\u00eate interculturelle approfondie sur les principes de fonctionnement responsables des agents conversationnels pilot\u00e9s par l&#8217;IA, afin de contribuer \u00e0 att\u00e9nuer ou \u00e0 pr\u00e9venir une nouvelle vague de crise de la communication aliment\u00e9e par l&#8217;IA.<\/p>\n\n\n\n<p class=\"has-medium-font-size\">Ce projet de recherche, qui se situe \u00e0 l&#8217;interface de l&#8217;\u00e9thique, de la linguistique, des m\u00e9dias et de la communication ainsi que de l&#8217;informatique sociale, explorera empiriquement (i) les attentes normatives dans l&#8217;interaction homme-IA bas\u00e9e sur le langage ainsi que (ii) l&#8217;\u00e9valuation des violations de normes et leurs cons\u00e9quences interactives en aval dans plusieurs langues et cultures europ\u00e9ennes et non-europ\u00e9ennes. Nous suivrons de pr\u00e8s (iii) les mod\u00e9rateurs pertinents (par exemple, le contexte, le r\u00f4le, la complexit\u00e9 du mod\u00e8le du syst\u00e8me d&#8217;IA, les enjeux) et les m\u00e9diateurs (par exemple, l&#8217;agence per\u00e7ue, la projection de l&#8217;esprit), afin (iv) d&#8217;\u00e9tudier leur influence sur l&#8217;\u00e9valuation des syst\u00e8mes d&#8217;IA conversationnels et la disposition \u00e0 s&#8217;y fier dans les diff\u00e9rentes cultures. Sur la base des r\u00e9sultats, nous (v) proposerons des principes pour la conception et l&#8217;utilisation responsables d&#8217;agents conversationnels pilot\u00e9s par l&#8217;IA, qui seront test\u00e9s imm\u00e9diatement sur l&#8217;application de journalisme profane pilot\u00e9 par l&#8217;IA, Reporter, fournie par notre partenaire associ\u00e9 Polaris News.<\/p>\n\n\n\n<p class=\"has-medium-font-size\">La recherche envisag\u00e9e est financ\u00e9e \u00e0 hauteur de plus d&#8217;un million d&#8217;euros par le programme ERC Chanse\/Hera.<\/p>\n\n\n\n<p class=\"has-medium-font-size\">Le projet sera men\u00e9 par le professeur Markus Kneer (chef de projet), de l&#8217;universit\u00e9 de Graz, le docteur Markus Christen (PI), de l&#8217;universit\u00e9 de Zurich, le professeur Mihaela Constantinescu (PI), de l&#8217;universit\u00e9 de Bucarest, et le professeur Izabela Skoczen (PI), de l&#8217;universit\u00e9 Jagiellonian. Polaris News, dirig\u00e9 par le journaliste prim\u00e9 Hannes Grassegger, est un collaborateur cl\u00e9.<\/p>\n\n\n\n<p><\/p>\n","protected":false},"excerpt":{"rendered":"L&#8217;une des crises centrales de notre \u00e9poque concerne la diffusion \u00e0 grande \u00e9chelle de la d\u00e9sinformation, des fake&hellip;\n","protected":false},"author":1,"featured_media":0,"parent":0,"menu_order":0,"comment_status":"closed","ping_status":"closed","template":"","meta":{"footnotes":""},"class_list":{"0":"post-71","1":"page","2":"type-page","3":"status-publish","5":"cs-entry","6":"cs-video-wrap"},"_links":{"self":[{"href":"https:\/\/talkingtobots.net\/index.php?rest_route=\/wp\/v2\/pages\/71","targetHints":{"allow":["GET"]}}],"collection":[{"href":"https:\/\/talkingtobots.net\/index.php?rest_route=\/wp\/v2\/pages"}],"about":[{"href":"https:\/\/talkingtobots.net\/index.php?rest_route=\/wp\/v2\/types\/page"}],"author":[{"embeddable":true,"href":"https:\/\/talkingtobots.net\/index.php?rest_route=\/wp\/v2\/users\/1"}],"replies":[{"embeddable":true,"href":"https:\/\/talkingtobots.net\/index.php?rest_route=%2Fwp%2Fv2%2Fcomments&post=71"}],"version-history":[{"count":3,"href":"https:\/\/talkingtobots.net\/index.php?rest_route=\/wp\/v2\/pages\/71\/revisions"}],"predecessor-version":[{"id":247,"href":"https:\/\/talkingtobots.net\/index.php?rest_route=\/wp\/v2\/pages\/71\/revisions\/247"}],"wp:attachment":[{"href":"https:\/\/talkingtobots.net\/index.php?rest_route=%2Fwp%2Fv2%2Fmedia&parent=71"}],"curies":[{"name":"wp","href":"https:\/\/api.w.org\/{rel}","templated":true}]}}